{"id":6859,"date":"2025-09-10T02:54:33","date_gmt":"2025-09-10T00:54:33","guid":{"rendered":"https:\/\/gitstratech.eschkol.com\/?page_id=6859"},"modified":"2025-09-10T03:03:29","modified_gmt":"2025-09-10T01:03:29","slug":"marie-josee-kone","status":"publish","type":"page","link":"https:\/\/gitstratech.eschkol.com\/en\/marie-josee-kone\/","title":{"rendered":"Marie-Jos\u00e9e KON\u00c9"},"content":{"rendered":"\t\t<div data-elementor-type=\"wp-page\" data-elementor-id=\"6859\" class=\"elementor elementor-6859\">\n\t\t\t\t<div class=\"elementor-element elementor-element-5f04d07 e-flex e-con-boxed e-con e-parent\" data-id=\"5f04d07\" data-element_type=\"container\" data-e-type=\"container\">\n\t\t\t\t\t<div class=\"e-con-inner\">\n\t\t<div class=\"elementor-element elementor-element-1c04257 e-con-full e-flex e-con e-child\" data-id=\"1c04257\" data-element_type=\"container\" data-e-type=\"container\">\n\t\t<div class=\"elementor-element elementor-element-9d4b71d e-con-full e-flex e-con e-child\" data-id=\"9d4b71d\" data-element_type=\"container\" data-e-type=\"container\" data-settings=\"{&quot;tj_enable_pin_area&quot;:&quot;yes&quot;,&quot;tj_pin_area_start&quot;:&quot;custom&quot;,&quot;tj_pin_area_start_custom&quot;:&quot;top 100&quot;,&quot;tj_pin_area_end&quot;:&quot;custom&quot;,&quot;tj_pin_area_end_custom&quot;:&quot;bottom 100&quot;,&quot;tj_pin_breakpoint&quot;:&quot;tablet&quot;,&quot;tj_pin_status&quot;:&quot;true&quot;,&quot;tj_pin_spacing&quot;:&quot;false&quot;,&quot;tj_pin_type&quot;:&quot;transform&quot;,&quot;tj_pin_scrub&quot;:&quot;false&quot;,&quot;tj_pin_markers&quot;:&quot;false&quot;}\">\n\t\t\t\t<div class=\"elementor-element elementor-element-e974616 elementor-widget elementor-widget-tj-image\" data-id=\"e974616\" data-element_type=\"widget\" data-e-type=\"widget\" data-widget_type=\"tj-image.default\">\n\t\t\t\t<div class=\"elementor-widget-container\">\n\t\t\t\t\t\n      <div data-wow-delay=\"0.2s\" class=\"tj-image-area  wow fadeInUp\">\n        <div class=\"tj-image\">\n                      <img  alt=\"\" class=\"lws-optimize-lazyload\" data-src=\"https:\/\/gitstratech.eschkol.com\/wp-content\/uploads\/2025\/09\/skjds.png\">\n                  <\/div>\n      <\/div>\n\n\t\t\t\t<\/div>\n\t\t\t\t<\/div>\n\t\t\t\t<\/div>\n\t\t\t\t<\/div>\n\t\t<div class=\"elementor-element elementor-element-d06a122 e-con-full e-flex e-con e-child\" data-id=\"d06a122\" data-element_type=\"container\" data-e-type=\"container\">\n\t\t\t\t<div class=\"elementor-element elementor-element-26f14c4 elementor-widget elementor-widget-tj-heading\" data-id=\"26f14c4\" data-element_type=\"widget\" data-e-type=\"widget\" data-widget_type=\"tj-heading.default\">\n\t\t\t\t<div class=\"elementor-widget-container\">\n\t\t\t\t\t<div class=\"tj_heading tj-title title-anim\"><h2 class=\"title\">Marie-Jos\u00e9e KON\u00c9 <\/h2><\/div>\t\t\t\t<\/div>\n\t\t\t\t<\/div>\n\t\t\t\t<div class=\"elementor-element elementor-element-128b8ef elementor-widget elementor-widget-tj-editor\" data-id=\"128b8ef\" data-element_type=\"widget\" data-e-type=\"widget\" data-widget_type=\"tj-editor.default\">\n\t\t\t\t<div class=\"elementor-widget-container\">\n\t\t\t\t\t      <div data-wow-delay=\"0.3s\" class=\"editor_text wow fadeInUp\"><p>An entrepreneur and seasoned professional, Marie-Jos\u00e9e Kon\u00e9 has over ten years of experience in executive administrative management, and project coordination, further enriched by founding and managing a private concierge and e-commerce business.<\/p><p>\u00a0<\/p><p>She holds a Brevet de Technicien Sup\u00e9rieur (BTS) in Executive Office Administration from the \u00c9cole Sup\u00e9rieure de Commerce CASTAING. Ms. Kon\u00e9 is completing her studies as a Lecturer at the National Pedagogical Institute for Technical and Vocational Education (IPNETP) to become an instructor in Administrative and Executive Office Management TAB). This path gives her a hybrid profile of an accomplished manager and a dedicated trainer.<\/p><p>\u00a0<\/p><p>Her career spans multiple sectors maritime transit, construction (BTP), trading, recruitment, and communications agencies and culminates with the creation of PurStyl, where she built expertise in logistics, organization, procurement, e-commerce, and property rehabilitation.<\/p><p>\u00a0<\/p><p>As Executive Assistant at RH Excellence Afrique, a program supported by CIAN, MEDEF International, and AFD, she managed schedules, coordinated technical school certification missions, and organized seminars and institutional events.<\/p><p>\u00a0<\/p><p>Today, leveraging her dual entrepreneurial and pedagogical expertise, Marie-Jos\u00e9e Kon\u00e9 applies her organizational skills, rigor, and strategic vision to the success of educational and professional projects.<\/p><\/div>\n\t\t\t\t<\/div>\n\t\t\t\t<\/div>\n\t\t\t\t<\/div>\n\t\t\t\t\t<\/div>\n\t\t\t\t<\/div>\n\t\t\t\t<\/div>\n\t\t","protected":false},"excerpt":{"rendered":"<p>Marie-Jos\u00e9e KON\u00c9 An entrepreneur and seasoned professional, Marie-Jos\u00e9e Kon\u00e9 has over ten years of experience in executive administrative management, and project coordination, further enriched by founding and managing a private concierge and e-commerce business. \u00a0 She holds a Brevet de Technicien Sup\u00e9rieur (BTS) in Executive Office Administration from the \u00c9cole Sup\u00e9rieure de Commerce CASTAING. Ms. [&hellip;]<\/p>\n","protected":false},"author":1,"featured_media":6847,"parent":0,"menu_order":0,"comment_status":"closed","ping_status":"closed","template":"elementor_header_footer","meta":{"_acf_changed":false,"footnotes":""},"class_list":["post-6859","page","type-page","status-publish","has-post-thumbnail","hentry"],"acf":[],"yoast_head":"<!-- This site is optimized with the Yoast SEO plugin v27.4 - https:\/\/yoast.com\/product\/yoast-seo-wordpress\/ -->\n<title>Marie-Jos\u00e9e KON\u00c9 - GITStratech<\/title>\n<meta name=\"robots\" content=\"index, follow, max-snippet:-1, max-image-preview:large, max-video-preview:-1\" \/>\n<link rel=\"canonical\" href=\"https:\/\/gitstratech.eschkol.com\/en\/marie-josee-kone\/\" \/>\n<meta property=\"og:locale\" content=\"en_US\" \/>\n<meta property=\"og:type\" content=\"article\" \/>\n<meta property=\"og:title\" content=\"Marie-Jos\u00e9e KON\u00c9 - GITStratech\" \/>\n<meta property=\"og:description\" content=\"Marie-Jos\u00e9e KON\u00c9 An entrepreneur and seasoned professional, Marie-Jos\u00e9e Kon\u00e9 has over ten years of experience in executive administrative management, and project coordination, further enriched by founding and managing a private concierge and e-commerce business. \u00a0 She holds a Brevet de Technicien Sup\u00e9rieur (BTS) in Executive Office Administration from the \u00c9cole Sup\u00e9rieure de Commerce CASTAING. Ms. [&hellip;]\" \/>\n<meta property=\"og:url\" content=\"https:\/\/gitstratech.eschkol.com\/en\/marie-josee-kone\/\" \/>\n<meta property=\"og:site_name\" content=\"GITStratech\" \/>\n<meta property=\"article:modified_time\" content=\"2025-09-10T01:03:29+00:00\" \/>\n<meta property=\"og:image\" content=\"https:\/\/gitstratech.eschkol.com\/wp-content\/uploads\/2025\/09\/skjds.png\" \/>\n\t<meta property=\"og:image:width\" content=\"1241\" \/>\n\t<meta property=\"og:image:height\" content=\"1600\" \/>\n\t<meta property=\"og:image:type\" content=\"image\/png\" \/>\n<meta name=\"twitter:card\" content=\"summary_large_image\" \/>\n<meta name=\"twitter:label1\" content=\"Est. reading time\" \/>\n\t<meta name=\"twitter:data1\" content=\"2 minutes\" \/>\n<script type=\"application\/ld+json\" class=\"yoast-schema-graph\">{\"@context\":\"https:\\\/\\\/schema.org\",\"@graph\":[{\"@type\":\"WebPage\",\"@id\":\"https:\\\/\\\/gitstratech.eschkol.com\\\/marie-josee-kone\\\/\",\"url\":\"https:\\\/\\\/gitstratech.eschkol.com\\\/marie-josee-kone\\\/\",\"name\":\"Marie-Jos\u00e9e KON\u00c9 - GITStratech\",\"isPartOf\":{\"@id\":\"https:\\\/\\\/gitstratech.eschkol.com\\\/#website\"},\"primaryImageOfPage\":{\"@id\":\"https:\\\/\\\/gitstratech.eschkol.com\\\/marie-josee-kone\\\/#primaryimage\"},\"image\":{\"@id\":\"https:\\\/\\\/gitstratech.eschkol.com\\\/marie-josee-kone\\\/#primaryimage\"},\"thumbnailUrl\":\"https:\\\/\\\/gitstratech.eschkol.com\\\/wp-content\\\/uploads\\\/2025\\\/09\\\/skjds.png\",\"datePublished\":\"2025-09-10T00:54:33+00:00\",\"dateModified\":\"2025-09-10T01:03:29+00:00\",\"breadcrumb\":{\"@id\":\"https:\\\/\\\/gitstratech.eschkol.com\\\/marie-josee-kone\\\/#breadcrumb\"},\"inLanguage\":\"en-US\",\"potentialAction\":[{\"@type\":\"ReadAction\",\"target\":[\"https:\\\/\\\/gitstratech.eschkol.com\\\/marie-josee-kone\\\/\"]}]},{\"@type\":\"ImageObject\",\"inLanguage\":\"en-US\",\"@id\":\"https:\\\/\\\/gitstratech.eschkol.com\\\/marie-josee-kone\\\/#primaryimage\",\"url\":\"https:\\\/\\\/gitstratech.eschkol.com\\\/wp-content\\\/uploads\\\/2025\\\/09\\\/skjds.png\",\"contentUrl\":\"https:\\\/\\\/gitstratech.eschkol.com\\\/wp-content\\\/uploads\\\/2025\\\/09\\\/skjds.png\",\"width\":1241,\"height\":1600},{\"@type\":\"BreadcrumbList\",\"@id\":\"https:\\\/\\\/gitstratech.eschkol.com\\\/marie-josee-kone\\\/#breadcrumb\",\"itemListElement\":[{\"@type\":\"ListItem\",\"position\":1,\"name\":\"Home\",\"item\":\"https:\\\/\\\/gitstratech.eschkol.com\\\/\"},{\"@type\":\"ListItem\",\"position\":2,\"name\":\"Marie-Jos\u00e9e KON\u00c9\"}]},{\"@type\":\"WebSite\",\"@id\":\"https:\\\/\\\/gitstratech.eschkol.com\\\/#website\",\"url\":\"https:\\\/\\\/gitstratech.eschkol.com\\\/\",\"name\":\"GITStratech\",\"description\":\"GITStratech is a firm of the GIT Inc. Group\",\"publisher\":{\"@id\":\"https:\\\/\\\/gitstratech.eschkol.com\\\/#organization\"},\"potentialAction\":[{\"@type\":\"SearchAction\",\"target\":{\"@type\":\"EntryPoint\",\"urlTemplate\":\"https:\\\/\\\/gitstratech.eschkol.com\\\/?s={search_term_string}\"},\"query-input\":{\"@type\":\"PropertyValueSpecification\",\"valueRequired\":true,\"valueName\":\"search_term_string\"}}],\"inLanguage\":\"en-US\"},{\"@type\":\"Organization\",\"@id\":\"https:\\\/\\\/gitstratech.eschkol.com\\\/#organization\",\"name\":\"GITStratech\",\"url\":\"https:\\\/\\\/gitstratech.eschkol.com\\\/\",\"logo\":{\"@type\":\"ImageObject\",\"inLanguage\":\"en-US\",\"@id\":\"https:\\\/\\\/gitstratech.eschkol.com\\\/#\\\/schema\\\/logo\\\/image\\\/\",\"url\":\"https:\\\/\\\/gitstratech.eschkol.com\\\/wp-content\\\/uploads\\\/2025\\\/07\\\/cropped-LOGO.png\",\"contentUrl\":\"https:\\\/\\\/gitstratech.eschkol.com\\\/wp-content\\\/uploads\\\/2025\\\/07\\\/cropped-LOGO.png\",\"width\":446,\"height\":153,\"caption\":\"GITStratech\"},\"image\":{\"@id\":\"https:\\\/\\\/gitstratech.eschkol.com\\\/#\\\/schema\\\/logo\\\/image\\\/\"}}]}<\/script>\n<!-- \/ Yoast SEO plugin. -->","yoast_head_json":{"title":"Marie-Jos\u00e9e KON\u00c9 - GITStratech","robots":{"index":"index","follow":"follow","max-snippet":"max-snippet:-1","max-image-preview":"max-image-preview:large","max-video-preview":"max-video-preview:-1"},"canonical":"https:\/\/gitstratech.eschkol.com\/en\/marie-josee-kone\/","og_locale":"en_US","og_type":"article","og_title":"Marie-Jos\u00e9e KON\u00c9 - GITStratech","og_description":"Marie-Jos\u00e9e KON\u00c9 An entrepreneur and seasoned professional, Marie-Jos\u00e9e Kon\u00e9 has over ten years of experience in executive administrative management, and project coordination, further enriched by founding and managing a private concierge and e-commerce business. \u00a0 She holds a Brevet de Technicien Sup\u00e9rieur (BTS) in Executive Office Administration from the \u00c9cole Sup\u00e9rieure de Commerce CASTAING. Ms. [&hellip;]","og_url":"https:\/\/gitstratech.eschkol.com\/en\/marie-josee-kone\/","og_site_name":"GITStratech","article_modified_time":"2025-09-10T01:03:29+00:00","og_image":[{"width":1241,"height":1600,"url":"https:\/\/gitstratech.eschkol.com\/wp-content\/uploads\/2025\/09\/skjds.png","type":"image\/png"}],"twitter_card":"summary_large_image","twitter_misc":{"Est. reading time":"2 minutes"},"schema":{"@context":"https:\/\/schema.org","@graph":[{"@type":"WebPage","@id":"https:\/\/gitstratech.eschkol.com\/marie-josee-kone\/","url":"https:\/\/gitstratech.eschkol.com\/marie-josee-kone\/","name":"Marie-Jos\u00e9e KON\u00c9 - GITStratech","isPartOf":{"@id":"https:\/\/gitstratech.eschkol.com\/#website"},"primaryImageOfPage":{"@id":"https:\/\/gitstratech.eschkol.com\/marie-josee-kone\/#primaryimage"},"image":{"@id":"https:\/\/gitstratech.eschkol.com\/marie-josee-kone\/#primaryimage"},"thumbnailUrl":"https:\/\/gitstratech.eschkol.com\/wp-content\/uploads\/2025\/09\/skjds.png","datePublished":"2025-09-10T00:54:33+00:00","dateModified":"2025-09-10T01:03:29+00:00","breadcrumb":{"@id":"https:\/\/gitstratech.eschkol.com\/marie-josee-kone\/#breadcrumb"},"inLanguage":"en-US","potentialAction":[{"@type":"ReadAction","target":["https:\/\/gitstratech.eschkol.com\/marie-josee-kone\/"]}]},{"@type":"ImageObject","inLanguage":"en-US","@id":"https:\/\/gitstratech.eschkol.com\/marie-josee-kone\/#primaryimage","url":"https:\/\/gitstratech.eschkol.com\/wp-content\/uploads\/2025\/09\/skjds.png","contentUrl":"https:\/\/gitstratech.eschkol.com\/wp-content\/uploads\/2025\/09\/skjds.png","width":1241,"height":1600},{"@type":"BreadcrumbList","@id":"https:\/\/gitstratech.eschkol.com\/marie-josee-kone\/#breadcrumb","itemListElement":[{"@type":"ListItem","position":1,"name":"Home","item":"https:\/\/gitstratech.eschkol.com\/"},{"@type":"ListItem","position":2,"name":"Marie-Jos\u00e9e KON\u00c9"}]},{"@type":"WebSite","@id":"https:\/\/gitstratech.eschkol.com\/#website","url":"https:\/\/gitstratech.eschkol.com\/","name":"GITStratech","description":"GITStratech is a firm of the GIT Inc. Group","publisher":{"@id":"https:\/\/gitstratech.eschkol.com\/#organization"},"potentialAction":[{"@type":"SearchAction","target":{"@type":"EntryPoint","urlTemplate":"https:\/\/gitstratech.eschkol.com\/?s={search_term_string}"},"query-input":{"@type":"PropertyValueSpecification","valueRequired":true,"valueName":"search_term_string"}}],"inLanguage":"en-US"},{"@type":"Organization","@id":"https:\/\/gitstratech.eschkol.com\/#organization","name":"GITStratech","url":"https:\/\/gitstratech.eschkol.com\/","logo":{"@type":"ImageObject","inLanguage":"en-US","@id":"https:\/\/gitstratech.eschkol.com\/#\/schema\/logo\/image\/","url":"https:\/\/gitstratech.eschkol.com\/wp-content\/uploads\/2025\/07\/cropped-LOGO.png","contentUrl":"https:\/\/gitstratech.eschkol.com\/wp-content\/uploads\/2025\/07\/cropped-LOGO.png","width":446,"height":153,"caption":"GITStratech"},"image":{"@id":"https:\/\/gitstratech.eschkol.com\/#\/schema\/logo\/image\/"}}]}},"_links":{"self":[{"href":"https:\/\/gitstratech.eschkol.com\/en\/wp-json\/wp\/v2\/pages\/6859","targetHints":{"allow":["GET"]}}],"collection":[{"href":"https:\/\/gitstratech.eschkol.com\/en\/wp-json\/wp\/v2\/pages"}],"about":[{"href":"https:\/\/gitstratech.eschkol.com\/en\/wp-json\/wp\/v2\/types\/page"}],"author":[{"embeddable":true,"href":"https:\/\/gitstratech.eschkol.com\/en\/wp-json\/wp\/v2\/users\/1"}],"replies":[{"embeddable":true,"href":"https:\/\/gitstratech.eschkol.com\/en\/wp-json\/wp\/v2\/comments?post=6859"}],"version-history":[{"count":22,"href":"https:\/\/gitstratech.eschkol.com\/en\/wp-json\/wp\/v2\/pages\/6859\/revisions"}],"predecessor-version":[{"id":6884,"href":"https:\/\/gitstratech.eschkol.com\/en\/wp-json\/wp\/v2\/pages\/6859\/revisions\/6884"}],"wp:featuredmedia":[{"embeddable":true,"href":"https:\/\/gitstratech.eschkol.com\/en\/wp-json\/wp\/v2\/media\/6847"}],"wp:attachment":[{"href":"https:\/\/gitstratech.eschkol.com\/en\/wp-json\/wp\/v2\/media?parent=6859"}],"curies":[{"name":"wp","href":"https:\/\/api.w.org\/{rel}","templated":true}]}}