{"id":803,"date":"2025-07-13T11:10:09","date_gmt":"2025-07-13T11:10:09","guid":{"rendered":"https:\/\/bexon.themejunction.net\/?page_id=803"},"modified":"2025-09-15T17:06:58","modified_gmt":"2025-09-15T15:06:58","slug":"services","status":"publish","type":"page","link":"https:\/\/gitstratech.eschkol.com\/en\/services\/","title":{"rendered":"Services"},"content":{"rendered":"\t\t<div data-elementor-type=\"wp-page\" data-elementor-id=\"803\" class=\"elementor elementor-803\">\n\t\t\t\t<div class=\"elementor-element elementor-element-e18d4a7 e-flex e-con-boxed e-con e-parent\" data-id=\"e18d4a7\" data-element_type=\"container\" data-e-type=\"container\" data-settings=\"{&quot;background_background&quot;:&quot;classic&quot;}\">\n\t\t\t\t\t<div class=\"e-con-inner\">\n\t\t<div class=\"elementor-element elementor-element-9a4637a e-con-full e-flex e-con e-child\" data-id=\"9a4637a\" data-element_type=\"container\" data-e-type=\"container\">\n\t\t\t\t<div class=\"elementor-element elementor-element-9d7a334 tj_section_align elementor-align-start elementor-widget elementor-widget-tj-title\" data-id=\"9d7a334\" data-element_type=\"widget\" data-e-type=\"widget\" data-widget_type=\"tj-title.default\">\n\t\t\t\t<div class=\"elementor-widget-container\">\n\t\t\t\t\t\n<div class=\"sec-heading\">\n    <h2 class=\"sec-title title-anim\">At <span>GITStratech <\/span><\/h2>      <div class=\"desc\">\n          <\/div>\n  <\/div>\n\t\t\t\t<\/div>\n\t\t\t\t<\/div>\n\t\t\t\t<div class=\"elementor-element elementor-element-f9b9562 elementor-widget elementor-widget-text-editor\" data-id=\"f9b9562\" data-element_type=\"widget\" data-e-type=\"widget\" data-widget_type=\"text-editor.default\">\n\t\t\t\t\t\t\t\t\t<p data-start=\"100\" data-end=\"544\">We believe that sustainable performance is based on a balanced combination of inspiring leadership, strategic innovation, operational excellence, and ethical responsibility.<br \/>We support executives, organizations, and teams in their development by integrating best practices in governance, economic intelligence, sustainability, and emerging technologies.<\/p>\t\t\t\t\t\t\t\t<\/div>\n\t\t\t\t<\/div>\n\t\t\t\t\t<\/div>\n\t\t\t\t<\/div>\n\t\t<div class=\"elementor-element elementor-element-1c4aeee e-flex e-con-boxed e-con e-parent\" data-id=\"1c4aeee\" data-element_type=\"container\" data-e-type=\"container\">\n\t\t\t\t\t<div class=\"e-con-inner\">\n\t\t<div class=\"elementor-element elementor-element-4623c9b e-con-full e-flex e-con e-child\" data-id=\"4623c9b\" data-element_type=\"container\" data-e-type=\"container\">\n\t\t\t\t<div class=\"elementor-element elementor-element-976187f elementor-widget elementor-widget-tj-service-list\" data-id=\"976187f\" data-element_type=\"widget\" data-e-type=\"widget\" data-widget_type=\"tj-service-list.default\">\n\t\t\t\t<div class=\"elementor-widget-container\">\n\t\t\t\t\t\r\n<div class=\"row row-gap-4\">\r\n      <div class=\"col-lg-4 col-md-6\">\r\n      <div class=\"service-item style-4 tj-el-service\">\r\n\r\n                  <div class=\"service-icon tj-el-icon\">\r\n            <i aria-hidden=\"true\" class=\"tji-service-1\"><\/i>          <\/div>\r\n        \r\n        <div class=\"service-content\">\r\n                      <h4 class=\"title tj-el-title\">\r\n              <a href=\"\/dirigeants-dynamiques-de-leadership\">\r\n                Leaders &amp; Leadership Dynamics              <\/a>\r\n            <\/h4>\r\n                                <p class=\"desc tj-el-desc\">\r\n              We support executives in developing inspiring, agile, and collective leadership to unlock their full potential and transform their organizations in a sustainable way.            <\/p>\r\n          \r\n                      <a class=\"text-btn tj-el-btn\" href=\"\/dirigeants-dynamiques-de-leadership\">\r\n              <span class=\"btn-text\"><span>Read more<\/span><\/span>\r\n                              <span class=\"btn-icon\"><i aria-hidden=\"true\" class=\"tji-arrow-right-long\"><\/i><\/span>\r\n                          <\/a>\r\n          \r\n        <\/div>\r\n      <\/div>\r\n    <\/div>\r\n\r\n\r\n      <div class=\"col-lg-4 col-md-6\">\r\n      <div class=\"service-item style-4 tj-el-service\">\r\n\r\n                  <div class=\"service-icon tj-el-icon\">\r\n            <i aria-hidden=\"true\" class=\"tj tji-service-2\"><\/i>          <\/div>\r\n        \r\n        <div class=\"service-content\">\r\n                      <h4 class=\"title tj-el-title\">\r\n              <a href=\"\/transformation-ethique-integrale\">\r\n                Integral Ethical Transformation              <\/a>\r\n            <\/h4>\r\n                                <p class=\"desc tj-el-desc\">\r\n              We help organizations align performance and values by integrating responsibility, fairness, and transparency at the heart of their transformation.            <\/p>\r\n          \r\n                      <a class=\"text-btn tj-el-btn\" href=\"\/transformation-ethique-integrale\">\r\n              <span class=\"btn-text\"><span>Read more<\/span><\/span>\r\n                              <span class=\"btn-icon\"><i aria-hidden=\"true\" class=\"tji-arrow-right-long\"><\/i><\/span>\r\n                          <\/a>\r\n          \r\n        <\/div>\r\n      <\/div>\r\n    <\/div>\r\n\r\n\r\n      <div class=\"col-lg-4 col-md-6\">\r\n      <div class=\"service-item style-4 tj-el-service\">\r\n\r\n                  <div class=\"service-icon tj-el-icon\">\r\n            <i aria-hidden=\"true\" class=\"tj tji-service-3\"><\/i>          <\/div>\r\n        \r\n        <div class=\"service-content\">\r\n                      <h4 class=\"title tj-el-title\">\r\n              <a href=\"\/services-dintelligence-economique\">\r\n                Economic Intelligence Services              <\/a>\r\n            <\/h4>\r\n                                <p class=\"desc tj-el-desc\">\r\n              We provide strategic analysis and advanced monitoring tools to anticipate trends, assess risks, and turn information into a competitive advantage.            <\/p>\r\n          \r\n                      <a class=\"text-btn tj-el-btn\" href=\"\/services-dintelligence-economique\">\r\n              <span class=\"btn-text\"><span>Read more<\/span><\/span>\r\n                              <span class=\"btn-icon\"><i aria-hidden=\"true\" class=\"tji-arrow-right-long\"><\/i><\/span>\r\n                          <\/a>\r\n          \r\n        <\/div>\r\n      <\/div>\r\n    <\/div>\r\n\r\n\r\n      <div class=\"col-lg-4 col-md-6\">\r\n      <div class=\"service-item style-4 tj-el-service\">\r\n\r\n                  <div class=\"service-icon tj-el-icon\">\r\n            <i aria-hidden=\"true\" class=\"tj tji-service-4\"><\/i>          <\/div>\r\n        \r\n        <div class=\"service-content\">\r\n                      <h4 class=\"title tj-el-title\">\r\n              <a href=\"\/gestion-excellence-operationnelle\">\r\n                Management &amp; Operational Excellence\n              <\/a>\r\n            <\/h4>\r\n                                <p class=\"desc tj-el-desc\">\r\n              We optimize your processes and practices to increase efficiency, enhance agility, and transform your operations into drivers of sustainable performance.            <\/p>\r\n          \r\n                      <a class=\"text-btn tj-el-btn\" href=\"\/gestion-excellence-operationnelle\">\r\n              <span class=\"btn-text\"><span>Read more<\/span><\/span>\r\n                              <span class=\"btn-icon\"><i aria-hidden=\"true\" class=\"tji-arrow-right-long\"><\/i><\/span>\r\n                          <\/a>\r\n          \r\n        <\/div>\r\n      <\/div>\r\n    <\/div>\r\n\r\n\r\n      <div class=\"col-lg-4 col-md-6\">\r\n      <div class=\"service-item style-4 tj-el-service\">\r\n\r\n                  <div class=\"service-icon tj-el-icon\">\r\n            <i aria-hidden=\"true\" class=\"tj tji-service-5\"><\/i>          <\/div>\r\n        \r\n        <div class=\"service-content\">\r\n                      <h4 class=\"title tj-el-title\">\r\n              <a href=\"\/gestion-excellence-operationnelle-copy\">\r\n                Strategy, Innovation, and Organizational Transformation              <\/a>\r\n            <\/h4>\r\n                                <p class=\"desc tj-el-desc\">\r\n              Nous aidons les organisations \u00e0 concevoir des strat\u00e9gies audacieuses, \u00e0 innover avec agilit\u00e9 et \u00e0 transformer leurs structures pour relever les d\u00e9fis d\u2019un monde en constante \u00e9volution.            <\/p>\r\n          \r\n                      <a class=\"text-btn tj-el-btn\" href=\"\/gestion-excellence-operationnelle-copy\">\r\n              <span class=\"btn-text\"><span>Read more<\/span><\/span>\r\n                              <span class=\"btn-icon\"><i aria-hidden=\"true\" class=\"tji-arrow-right-long\"><\/i><\/span>\r\n                          <\/a>\r\n          \r\n        <\/div>\r\n      <\/div>\r\n    <\/div>\r\n\r\n\r\n      <div class=\"col-lg-4 col-md-6\">\r\n      <div class=\"service-item style-4 tj-el-service\">\r\n\r\n                  <div class=\"service-icon tj-el-icon\">\r\n            <i aria-hidden=\"true\" class=\"tj tji-service-6\"><\/i>          <\/div>\r\n        \r\n        <div class=\"service-content\">\r\n                      <h4 class=\"title tj-el-title\">\r\n              <a href=\"\/Syst\u00e8mes-Innovants-et-Technologies-Int\u00e9gr\u00e9es\">\r\n                Innovative Systems and Integrated Technologies              <\/a>\r\n            <\/h4>\r\n                                <p class=\"desc tj-el-desc\">\r\n              We leverage emerging technologies and integrated systems to create customized solutions, improve efficiency, and deliver a sustainable competitive advantage.            <\/p>\r\n          \r\n                      <a class=\"text-btn tj-el-btn\" href=\"\/Syst\u00e8mes-Innovants-et-Technologies-Int\u00e9gr\u00e9es\">\r\n              <span class=\"btn-text\"><span>Read more<\/span><\/span>\r\n                              <span class=\"btn-icon\"><i aria-hidden=\"true\" class=\"tji-arrow-right-long\"><\/i><\/span>\r\n                          <\/a>\r\n          \r\n        <\/div>\r\n      <\/div>\r\n    <\/div>\r\n\r\n\r\n      <div class=\"col-lg-4 col-md-6\">\r\n      <div class=\"service-item style-4 tj-el-service\">\r\n\r\n                  <div class=\"service-icon tj-el-icon\">\r\n            <i aria-hidden=\"true\" class=\"fas fa-bezier-curve\"><\/i>          <\/div>\r\n        \r\n        <div class=\"service-content\">\r\n                      <h4 class=\"title tj-el-title\">\r\n              <a href=\"\/sustainability-strategie-et-solutions-de-durabilite\">\r\n                Sustainability Strategy and Sustainability Solutions              <\/a>\r\n            <\/h4>\r\n                                <p class=\"desc tj-el-desc\">\r\n              We help organizations integrate sustainability into the core of their operations by designing strategies and solutions that combine positive impact, responsibility, and long-term performance.            <\/p>\r\n          \r\n                      <a class=\"text-btn tj-el-btn\" href=\"\/sustainability-strategie-et-solutions-de-durabilite\">\r\n              <span class=\"btn-text\"><span>Read more<\/span><\/span>\r\n                              <span class=\"btn-icon\"><i aria-hidden=\"true\" class=\"tji-arrow-right-long\"><\/i><\/span>\r\n                          <\/a>\r\n          \r\n        <\/div>\r\n      <\/div>\r\n    <\/div>\r\n\r\n\r\n      <div class=\"col-lg-4 col-md-6\">\r\n      <div class=\"service-item style-4 tj-el-service\">\r\n\r\n                  <div class=\"service-icon tj-el-icon\">\r\n            <i aria-hidden=\"true\" class=\"fas fa-sort-amount-down\"><\/i>          <\/div>\r\n        \r\n        <div class=\"service-content\">\r\n                      <h4 class=\"title tj-el-title\">\r\n              <a href=\"\/strategie-de-reduction-des-risques-de-catastrophe\">\r\n                Disaster Risk Reduction Strategy              <\/a>\r\n            <\/h4>\r\n                                <p class=\"desc tj-el-desc\">\r\n              We help organizations anticipate crises and strengthen their resilience by identifying vulnerabilities and deploying proactive strategies to prevent and manage disasters.            <\/p>\r\n          \r\n                      <a class=\"text-btn tj-el-btn\" href=\"\/strategie-de-reduction-des-risques-de-catastrophe\">\r\n              <span class=\"btn-text\"><span>Read more<\/span><\/span>\r\n                              <span class=\"btn-icon\"><i aria-hidden=\"true\" class=\"tji-arrow-right-long\"><\/i><\/span>\r\n                          <\/a>\r\n          \r\n        <\/div>\r\n      <\/div>\r\n    <\/div>\r\n\r\n\r\n      <div class=\"col-lg-4 col-md-6\">\r\n      <div class=\"service-item style-4 tj-el-service\">\r\n\r\n                  <div class=\"service-icon tj-el-icon\">\r\n            <i aria-hidden=\"true\" class=\"fas fa-boxes\"><\/i>          <\/div>\r\n        \r\n        <div class=\"service-content\">\r\n                      <h4 class=\"title tj-el-title\">\r\n              <a href=\"#\">\r\n                Gtstratech Solutions for Sustainability              <\/a>\r\n            <\/h4>\r\n                                <p class=\"desc tj-el-desc\">\r\n              We help organizations anticipate crises and strengthen their resilience by identifying vulnerabilities and deploying proactive strategies to prevent and manage disasters.            <\/p>\r\n          \r\n                      <a class=\"text-btn tj-el-btn\" href=\"#\">\r\n              <span class=\"btn-text\"><span>Read more<\/span><\/span>\r\n                              <span class=\"btn-icon\"><i aria-hidden=\"true\" class=\"tji-arrow-right-long\"><\/i><\/span>\r\n                          <\/a>\r\n          \r\n        <\/div>\r\n      <\/div>\r\n    <\/div>\r\n\r\n\r\n      <div class=\"col-lg-4 col-md-6\">\r\n      <div class=\"service-item style-4 tj-el-service\">\r\n\r\n                  <div class=\"service-icon tj-el-icon\">\r\n            <i aria-hidden=\"true\" class=\"tj tji-comment\"><\/i>          <\/div>\r\n        \r\n        <div class=\"service-content\">\r\n                      <h4 class=\"title tj-el-title\">\r\n              <a href=\"\/communications-relations-strategiques\">\r\n                Strategic Communications &amp; Relations              <\/a>\r\n            <\/h4>\r\n                                <p class=\"desc tj-el-desc\">\r\n              We help organizations create authentic and impactful connections by aligning their messages with their goals and strengthening their influence with stakeholders.            <\/p>\r\n          \r\n                      <a class=\"text-btn tj-el-btn\" href=\"\/communications-relations-strategiques\">\r\n              <span class=\"btn-text\"><span>Read more<\/span><\/span>\r\n                              <span class=\"btn-icon\"><i aria-hidden=\"true\" class=\"tji-arrow-right-long\"><\/i><\/span>\r\n                          <\/a>\r\n          \r\n        <\/div>\r\n      <\/div>\r\n    <\/div>\r\n\r\n\r\n      <div class=\"col-lg-4 col-md-6\">\r\n      <div class=\"service-item style-4 tj-el-service\">\r\n\r\n                  <div class=\"service-icon tj-el-icon\">\r\n            <i aria-hidden=\"true\" class=\"fas fa-book-reader\"><\/i>          <\/div>\r\n        \r\n        <div class=\"service-content\">\r\n                      <h4 class=\"title tj-el-title\">\r\n              <a href=\"\/formation-developpement-des-competences\">\r\n                Training &amp; Skills Development\n              <\/a>\r\n            <\/h4>\r\n                                <p class=\"desc tj-el-desc\">\r\n              We support teams and leaders in strengthening their skills, developing expertise, agility, and leadership to meet the challenges of a constantly changing environment.            <\/p>\r\n          \r\n                      <a class=\"text-btn tj-el-btn\" href=\"\/formation-developpement-des-competences\">\r\n              <span class=\"btn-text\"><span>Read more<\/span><\/span>\r\n                              <span class=\"btn-icon\"><i aria-hidden=\"true\" class=\"tji-arrow-right-long\"><\/i><\/span>\r\n                          <\/a>\r\n          \r\n        <\/div>\r\n      <\/div>\r\n    <\/div>\r\n\r\n\r\n      <div class=\"col-lg-4 col-md-6\">\r\n      <div class=\"service-item style-4 tj-el-service\">\r\n\r\n                  <div class=\"service-icon tj-el-icon\">\r\n            <i aria-hidden=\"true\" class=\"fas fa-microscope\"><\/i>          <\/div>\r\n        \r\n        <div class=\"service-content\">\r\n                      <h4 class=\"title tj-el-title\">\r\n              <a href=\"\/sommets-conferences-et-seminaires\">\r\n                Summit Meetings, Conferences, and Seminars              <\/a>\r\n            <\/h4>\r\n                                <p class=\"desc tj-el-desc\">\r\n              We organize strategic events that promote the exchange of ideas, inspiration, and networking to stimulate innovation and leadership.            <\/p>\r\n          \r\n                      <a class=\"text-btn tj-el-btn\" href=\"\/sommets-conferences-et-seminaires\">\r\n              <span class=\"btn-text\"><span>Read more<\/span><\/span>\r\n                              <span class=\"btn-icon\"><i aria-hidden=\"true\" class=\"tji-arrow-right-long\"><\/i><\/span>\r\n                          <\/a>\r\n          \r\n        <\/div>\r\n      <\/div>\r\n    <\/div>\r\n\r\n\r\n  <\/div>\t\t\t\t<\/div>\n\t\t\t\t<\/div>\n\t\t\t\t<\/div>\n\t\t\t\t\t<\/div>\n\t\t\t\t<\/div>\n\t\t\t\t<\/div>\n\t\t","protected":false},"excerpt":{"rendered":"<p>At GITStratech We believe that sustainable performance is based on a balanced combination of inspiring leadership, strategic innovation, operational excellence, and ethical responsibility.We support executives, organizations, and teams in their development by integrating best practices in governance, economic intelligence, sustainability, and emerging technologies. Leaders &amp; Leadership Dynamics We support executives in developing inspiring, agile, and [&hellip;]<\/p>\n","protected":false},"author":1,"featured_media":0,"parent":0,"menu_order":0,"comment_status":"closed","ping_status":"closed","template":"elementor_header_footer","meta":{"_acf_changed":false,"footnotes":""},"class_list":["post-803","page","type-page","status-publish","hentry"],"acf":[],"yoast_head":"<!-- This site is optimized with the Yoast SEO plugin v27.4 - https:\/\/yoast.com\/product\/yoast-seo-wordpress\/ -->\n<title>Services - GITStratech<\/title>\n<meta name=\"robots\" content=\"index, follow, max-snippet:-1, max-image-preview:large, max-video-preview:-1\" \/>\n<link rel=\"canonical\" href=\"https:\/\/gitstratech.eschkol.com\/en\/services\/\" \/>\n<meta property=\"og:locale\" content=\"en_US\" \/>\n<meta property=\"og:type\" content=\"article\" \/>\n<meta property=\"og:title\" content=\"Services - GITStratech\" \/>\n<meta property=\"og:description\" content=\"At GITStratech We believe that sustainable performance is based on a balanced combination of inspiring leadership, strategic innovation, operational excellence, and ethical responsibility.We support executives, organizations, and teams in their development by integrating best practices in governance, economic intelligence, sustainability, and emerging technologies. Leaders &amp; Leadership Dynamics We support executives in developing inspiring, agile, and [&hellip;]\" \/>\n<meta property=\"og:url\" content=\"https:\/\/gitstratech.eschkol.com\/en\/services\/\" \/>\n<meta property=\"og:site_name\" content=\"GITStratech\" \/>\n<meta property=\"article:modified_time\" content=\"2025-09-15T15:06:58+00:00\" \/>\n<meta name=\"twitter:card\" content=\"summary_large_image\" \/>\n<meta name=\"twitter:label1\" content=\"Est. reading time\" \/>\n\t<meta name=\"twitter:data1\" content=\"2 minutes\" \/>\n<script type=\"application\/ld+json\" class=\"yoast-schema-graph\">{\"@context\":\"https:\\\/\\\/schema.org\",\"@graph\":[{\"@type\":\"WebPage\",\"@id\":\"https:\\\/\\\/gitstratech.eschkol.com\\\/services\\\/\",\"url\":\"https:\\\/\\\/gitstratech.eschkol.com\\\/services\\\/\",\"name\":\"Services - GITStratech\",\"isPartOf\":{\"@id\":\"https:\\\/\\\/gitstratech.eschkol.com\\\/#website\"},\"datePublished\":\"2025-07-13T11:10:09+00:00\",\"dateModified\":\"2025-09-15T15:06:58+00:00\",\"breadcrumb\":{\"@id\":\"https:\\\/\\\/gitstratech.eschkol.com\\\/services\\\/#breadcrumb\"},\"inLanguage\":\"en-US\",\"potentialAction\":[{\"@type\":\"ReadAction\",\"target\":[\"https:\\\/\\\/gitstratech.eschkol.com\\\/services\\\/\"]}]},{\"@type\":\"BreadcrumbList\",\"@id\":\"https:\\\/\\\/gitstratech.eschkol.com\\\/services\\\/#breadcrumb\",\"itemListElement\":[{\"@type\":\"ListItem\",\"position\":1,\"name\":\"Home\",\"item\":\"https:\\\/\\\/gitstratech.eschkol.com\\\/\"},{\"@type\":\"ListItem\",\"position\":2,\"name\":\"Services\"}]},{\"@type\":\"WebSite\",\"@id\":\"https:\\\/\\\/gitstratech.eschkol.com\\\/#website\",\"url\":\"https:\\\/\\\/gitstratech.eschkol.com\\\/\",\"name\":\"GITStratech\",\"description\":\"GITStratech is a firm of the GIT Inc. Group\",\"publisher\":{\"@id\":\"https:\\\/\\\/gitstratech.eschkol.com\\\/#organization\"},\"potentialAction\":[{\"@type\":\"SearchAction\",\"target\":{\"@type\":\"EntryPoint\",\"urlTemplate\":\"https:\\\/\\\/gitstratech.eschkol.com\\\/?s={search_term_string}\"},\"query-input\":{\"@type\":\"PropertyValueSpecification\",\"valueRequired\":true,\"valueName\":\"search_term_string\"}}],\"inLanguage\":\"en-US\"},{\"@type\":\"Organization\",\"@id\":\"https:\\\/\\\/gitstratech.eschkol.com\\\/#organization\",\"name\":\"GITStratech\",\"url\":\"https:\\\/\\\/gitstratech.eschkol.com\\\/\",\"logo\":{\"@type\":\"ImageObject\",\"inLanguage\":\"en-US\",\"@id\":\"https:\\\/\\\/gitstratech.eschkol.com\\\/#\\\/schema\\\/logo\\\/image\\\/\",\"url\":\"https:\\\/\\\/gitstratech.eschkol.com\\\/wp-content\\\/uploads\\\/2025\\\/07\\\/cropped-LOGO.png\",\"contentUrl\":\"https:\\\/\\\/gitstratech.eschkol.com\\\/wp-content\\\/uploads\\\/2025\\\/07\\\/cropped-LOGO.png\",\"width\":446,\"height\":153,\"caption\":\"GITStratech\"},\"image\":{\"@id\":\"https:\\\/\\\/gitstratech.eschkol.com\\\/#\\\/schema\\\/logo\\\/image\\\/\"}}]}<\/script>\n<!-- \/ Yoast SEO plugin. -->","yoast_head_json":{"title":"Services - GITStratech","robots":{"index":"index","follow":"follow","max-snippet":"max-snippet:-1","max-image-preview":"max-image-preview:large","max-video-preview":"max-video-preview:-1"},"canonical":"https:\/\/gitstratech.eschkol.com\/en\/services\/","og_locale":"en_US","og_type":"article","og_title":"Services - GITStratech","og_description":"At GITStratech We believe that sustainable performance is based on a balanced combination of inspiring leadership, strategic innovation, operational excellence, and ethical responsibility.We support executives, organizations, and teams in their development by integrating best practices in governance, economic intelligence, sustainability, and emerging technologies. Leaders &amp; Leadership Dynamics We support executives in developing inspiring, agile, and [&hellip;]","og_url":"https:\/\/gitstratech.eschkol.com\/en\/services\/","og_site_name":"GITStratech","article_modified_time":"2025-09-15T15:06:58+00:00","twitter_card":"summary_large_image","twitter_misc":{"Est. reading time":"2 minutes"},"schema":{"@context":"https:\/\/schema.org","@graph":[{"@type":"WebPage","@id":"https:\/\/gitstratech.eschkol.com\/services\/","url":"https:\/\/gitstratech.eschkol.com\/services\/","name":"Services - GITStratech","isPartOf":{"@id":"https:\/\/gitstratech.eschkol.com\/#website"},"datePublished":"2025-07-13T11:10:09+00:00","dateModified":"2025-09-15T15:06:58+00:00","breadcrumb":{"@id":"https:\/\/gitstratech.eschkol.com\/services\/#breadcrumb"},"inLanguage":"en-US","potentialAction":[{"@type":"ReadAction","target":["https:\/\/gitstratech.eschkol.com\/services\/"]}]},{"@type":"BreadcrumbList","@id":"https:\/\/gitstratech.eschkol.com\/services\/#breadcrumb","itemListElement":[{"@type":"ListItem","position":1,"name":"Home","item":"https:\/\/gitstratech.eschkol.com\/"},{"@type":"ListItem","position":2,"name":"Services"}]},{"@type":"WebSite","@id":"https:\/\/gitstratech.eschkol.com\/#website","url":"https:\/\/gitstratech.eschkol.com\/","name":"GITStratech","description":"GITStratech is a firm of the GIT Inc. Group","publisher":{"@id":"https:\/\/gitstratech.eschkol.com\/#organization"},"potentialAction":[{"@type":"SearchAction","target":{"@type":"EntryPoint","urlTemplate":"https:\/\/gitstratech.eschkol.com\/?s={search_term_string}"},"query-input":{"@type":"PropertyValueSpecification","valueRequired":true,"valueName":"search_term_string"}}],"inLanguage":"en-US"},{"@type":"Organization","@id":"https:\/\/gitstratech.eschkol.com\/#organization","name":"GITStratech","url":"https:\/\/gitstratech.eschkol.com\/","logo":{"@type":"ImageObject","inLanguage":"en-US","@id":"https:\/\/gitstratech.eschkol.com\/#\/schema\/logo\/image\/","url":"https:\/\/gitstratech.eschkol.com\/wp-content\/uploads\/2025\/07\/cropped-LOGO.png","contentUrl":"https:\/\/gitstratech.eschkol.com\/wp-content\/uploads\/2025\/07\/cropped-LOGO.png","width":446,"height":153,"caption":"GITStratech"},"image":{"@id":"https:\/\/gitstratech.eschkol.com\/#\/schema\/logo\/image\/"}}]}},"_links":{"self":[{"href":"https:\/\/gitstratech.eschkol.com\/en\/wp-json\/wp\/v2\/pages\/803","targetHints":{"allow":["GET"]}}],"collection":[{"href":"https:\/\/gitstratech.eschkol.com\/en\/wp-json\/wp\/v2\/pages"}],"about":[{"href":"https:\/\/gitstratech.eschkol.com\/en\/wp-json\/wp\/v2\/types\/page"}],"author":[{"embeddable":true,"href":"https:\/\/gitstratech.eschkol.com\/en\/wp-json\/wp\/v2\/users\/1"}],"replies":[{"embeddable":true,"href":"https:\/\/gitstratech.eschkol.com\/en\/wp-json\/wp\/v2\/comments?post=803"}],"version-history":[{"count":45,"href":"https:\/\/gitstratech.eschkol.com\/en\/wp-json\/wp\/v2\/pages\/803\/revisions"}],"predecessor-version":[{"id":6921,"href":"https:\/\/gitstratech.eschkol.com\/en\/wp-json\/wp\/v2\/pages\/803\/revisions\/6921"}],"wp:attachment":[{"href":"https:\/\/gitstratech.eschkol.com\/en\/wp-json\/wp\/v2\/media?parent=803"}],"curies":[{"name":"wp","href":"https:\/\/api.w.org\/{rel}","templated":true}]}}