{"id":6807,"date":"2025-09-09T20:05:49","date_gmt":"2025-09-09T18:05:49","guid":{"rendered":"https:\/\/gitstratech.eschkol.com\/?page_id=6807"},"modified":"2025-09-09T20:10:50","modified_gmt":"2025-09-09T18:10:50","slug":"xavier-birou","status":"publish","type":"page","link":"https:\/\/gitstratech.eschkol.com\/fr\/xavier-birou\/","title":{"rendered":"Xavier Birou"},"content":{"rendered":"<div data-elementor-type=\"wp-page\" data-elementor-id=\"6807\" class=\"elementor elementor-6807\">\n\t\t\t\t<div class=\"elementor-element elementor-element-5f04d07 e-flex e-con-boxed e-con e-parent\" data-id=\"5f04d07\" data-element_type=\"container\" data-e-type=\"container\">\n\t\t\t\t\t<div class=\"e-con-inner\">\n\t\t<div class=\"elementor-element elementor-element-1c04257 e-con-full e-flex e-con e-child\" data-id=\"1c04257\" data-element_type=\"container\" data-e-type=\"container\">\n\t\t<div class=\"elementor-element elementor-element-9d4b71d e-con-full e-flex e-con e-child\" data-id=\"9d4b71d\" data-element_type=\"container\" data-e-type=\"container\" data-settings=\"{&quot;tj_enable_pin_area&quot;:&quot;yes&quot;,&quot;tj_pin_area_start&quot;:&quot;custom&quot;,&quot;tj_pin_area_start_custom&quot;:&quot;top 100&quot;,&quot;tj_pin_area_end&quot;:&quot;custom&quot;,&quot;tj_pin_area_end_custom&quot;:&quot;bottom 100&quot;,&quot;tj_pin_breakpoint&quot;:&quot;tablet&quot;,&quot;tj_pin_status&quot;:&quot;true&quot;,&quot;tj_pin_spacing&quot;:&quot;false&quot;,&quot;tj_pin_type&quot;:&quot;transform&quot;,&quot;tj_pin_scrub&quot;:&quot;false&quot;,&quot;tj_pin_markers&quot;:&quot;false&quot;}\">\n\t\t\t\t<div class=\"elementor-element elementor-element-e974616 elementor-widget elementor-widget-tj-image\" data-id=\"e974616\" data-element_type=\"widget\" data-e-type=\"widget\" data-widget_type=\"tj-image.default\">\n\t\t\t\t<div class=\"elementor-widget-container\">\n\t\t\t\t\t\n      <div data-wow-delay=\"0.2s\" class=\"tj-image-area  wow fadeInUp\">\n        <div class=\"tj-image\">\n                      <img  alt=\"\" class=\"lws-optimize-lazyload\" data-src=\"https:\/\/gitstratech.eschkol.com\/wp-content\/uploads\/2025\/09\/enhanced-image-2.png\">\n                  <\/div>\n      <\/div>\n\n\t\t\t\t<\/div>\n\t\t\t\t<\/div>\n\t\t\t\t<\/div>\n\t\t\t\t<\/div>\n\t\t<div class=\"elementor-element elementor-element-d06a122 e-con-full e-flex e-con e-child\" data-id=\"d06a122\" data-element_type=\"container\" data-e-type=\"container\">\n\t\t\t\t<div class=\"elementor-element elementor-element-26f14c4 elementor-widget elementor-widget-tj-heading\" data-id=\"26f14c4\" data-element_type=\"widget\" data-e-type=\"widget\" data-widget_type=\"tj-heading.default\">\n\t\t\t\t<div class=\"elementor-widget-container\">\n\t\t\t\t\t<div class=\"tj_heading tj-title title-anim\"><h2 class=\"title\">Xavier Birou<\/h2><\/div>\t\t\t\t<\/div>\n\t\t\t\t<\/div>\n\t\t\t\t<div class=\"elementor-element elementor-element-4937677 elementor-widget elementor-widget-tj-editor\" data-id=\"4937677\" data-element_type=\"widget\" data-e-type=\"widget\" data-widget_type=\"tj-editor.default\">\n\t\t\t\t<div class=\"elementor-widget-container\">\n\t\t\t\t\t      <div data-wow-delay=\"0.3s\" class=\"editor_text wow fadeInUp\"><p>Chief Executive<\/p><\/div>\n\t\t\t\t<\/div>\n\t\t\t\t<\/div>\n\t\t\t\t<div class=\"elementor-element elementor-element-128b8ef elementor-widget elementor-widget-tj-editor\" data-id=\"128b8ef\" data-element_type=\"widget\" data-e-type=\"widget\" data-widget_type=\"tj-editor.default\">\n\t\t\t\t<div class=\"elementor-widget-container\">\n\t\t\t\t\t      <div data-wow-delay=\"0.3s\" class=\"editor_text wow fadeInUp\"><p>Xavier Birou est un professionnel chevronn\u00e9 du b\u00e2timent, de l\u2019h\u00f4tellerie et de la logistique, avec plus de vingt-cinq ann\u00e9es d\u2019exp\u00e9rience internationale en gestion de chantiers, optimisation des achats et pilotage op\u00e9rationnel dans des environnements exigeants .<\/p><p>\u00a0<\/p><p>Titulaire d\u2019un BTS Conducteur de Travaux \u00e0 l\u2019EBTP de Vincennes, Xavier s\u2019est sp\u00e9cialis\u00e9 en DAO\/CAO, gestion de projets et suivi d\u2019ex\u00e9cution. Son parcours l\u2019a conduit de la France \u00e0 l\u2019Afrique, en passant par la Polyn\u00e9sie fran\u00e7aise et l\u2019oc\u00e9an Indien, o\u00f9 il a occup\u00e9 des fonctions cl\u00e9s au sein de structures h\u00f4teli\u00e8res de prestige et sur des projets de construction d\u2019envergure.<\/p><p>\u00a0<\/p><p>out au long de sa carri\u00e8re, Xavier a pilot\u00e9 des projets de construction, en assurant la direction et le suivi d\u2019\u00e9quipes dans des environnements complexes. Il a conduit l\u2019ouverture et la pr\u00e9-ouverture d\u2019h\u00f4tels haut de gamme, en mettant en place l\u2019ensemble des \u00e9conomats, des proc\u00e9dures de gestion des stocks et des dispositifs d\u2019approvisionnement. Il a \u00e9galement coordonn\u00e9 la logistique et la maintenance de structures touristiques et nautiques, garantissant s\u00e9curit\u00e9, conformit\u00e9 et performance op\u00e9rationnelle. Enfin, il a exerc\u00e9 des fonctions strat\u00e9giques en management h\u00f4telier, avec un r\u00f4le central dans la ma\u00eetrise des co\u00fbts, l\u2019optimisation des achats et le renforcement de l\u2019excellence op\u00e9rationnelle.<\/p><p>\u00a0<\/p><p>Polyvalent, Xavier combine expertise technique en construction et ma\u00eetrise des environnements h\u00f4teliers et logistiques, ce qui lui permet de s\u2019adapter \u00e0 des projets complexes, m\u00ealant planification strat\u00e9gique, gestion op\u00e9rationnelle et optimisation des co\u00fbts.<\/p><p>\u00a0<\/p><p>Fort de cette exp\u00e9rience pluridisciplinaire, il apporte \u00e0 Eschkol Agroindustries une rigueur op\u00e9rationnelle et une vision pragmatique, orient\u00e9es vers la durabilit\u00e9, la performance et la r\u00e9ussite des projets agroindustriels.<\/p><\/div>\n\t\t\t\t<\/div>\n\t\t\t\t<\/div>\n\t\t\t\t<\/div>\n\t\t\t\t\t<\/div>\n\t\t\t\t<\/div>\n\t\t\t\t<\/div>","protected":false},"excerpt":{"rendered":"<p>Xavier Birou Chief Executive Xavier Birou is a seasoned professional in construction, hospitality, and logistics, with over twenty-five years of international experience in site management, procurement optimization, and operational leadership in demanding environments . Holding a Higher National Diploma (BTS) in Construction Management from EBTP Vincennes, Xavier specialized in CAD, project management, and execution supervision. [&hellip;]<\/p>","protected":false},"author":1,"featured_media":6779,"parent":0,"menu_order":0,"comment_status":"closed","ping_status":"closed","template":"elementor_header_footer","meta":{"_acf_changed":false,"footnotes":""},"class_list":["post-6807","page","type-page","status-publish","has-post-thumbnail","hentry"],"acf":[],"yoast_head":"<!-- This site is optimized with the Yoast SEO plugin v27.4 - https:\/\/yoast.com\/product\/yoast-seo-wordpress\/ -->\n<title>Xavier Birou - GITStratech<\/title>\n<meta name=\"robots\" content=\"index, follow, max-snippet:-1, max-image-preview:large, max-video-preview:-1\" \/>\n<link rel=\"canonical\" href=\"https:\/\/gitstratech.eschkol.com\/fr\/xavier-birou\/\" \/>\n<meta property=\"og:locale\" content=\"fr_FR\" \/>\n<meta property=\"og:type\" content=\"article\" \/>\n<meta property=\"og:title\" content=\"Xavier Birou - GITStratech\" \/>\n<meta property=\"og:description\" content=\"Xavier Birou Chief Executive Xavier Birou is a seasoned professional in construction, hospitality, and logistics, with over twenty-five years of international experience in site management, procurement optimization, and operational leadership in demanding environments . Holding a Higher National Diploma (BTS) in Construction Management from EBTP Vincennes, Xavier specialized in CAD, project management, and execution supervision. [&hellip;]\" \/>\n<meta property=\"og:url\" content=\"https:\/\/gitstratech.eschkol.com\/fr\/xavier-birou\/\" \/>\n<meta property=\"og:site_name\" content=\"GITStratech\" \/>\n<meta property=\"article:modified_time\" content=\"2025-09-09T18:10:50+00:00\" \/>\n<meta property=\"og:image\" content=\"https:\/\/gitstratech.eschkol.com\/wp-content\/uploads\/2025\/09\/enhanced-imageC.png\" \/>\n\t<meta property=\"og:image:width\" content=\"1241\" \/>\n\t<meta property=\"og:image:height\" content=\"1600\" \/>\n\t<meta property=\"og:image:type\" content=\"image\/png\" \/>\n<meta name=\"twitter:card\" content=\"summary_large_image\" \/>\n<meta name=\"twitter:label1\" content=\"Dur\u00e9e de lecture estim\u00e9e\" \/>\n\t<meta name=\"twitter:data1\" content=\"2 minutes\" \/>\n<script type=\"application\/ld+json\" class=\"yoast-schema-graph\">{\"@context\":\"https:\\\/\\\/schema.org\",\"@graph\":[{\"@type\":\"WebPage\",\"@id\":\"https:\\\/\\\/gitstratech.eschkol.com\\\/xavier-birou\\\/\",\"url\":\"https:\\\/\\\/gitstratech.eschkol.com\\\/xavier-birou\\\/\",\"name\":\"Xavier Birou - GITStratech\",\"isPartOf\":{\"@id\":\"https:\\\/\\\/gitstratech.eschkol.com\\\/#website\"},\"primaryImageOfPage\":{\"@id\":\"https:\\\/\\\/gitstratech.eschkol.com\\\/xavier-birou\\\/#primaryimage\"},\"image\":{\"@id\":\"https:\\\/\\\/gitstratech.eschkol.com\\\/xavier-birou\\\/#primaryimage\"},\"thumbnailUrl\":\"https:\\\/\\\/gitstratech.eschkol.com\\\/wp-content\\\/uploads\\\/2025\\\/09\\\/enhanced-imageC.png\",\"datePublished\":\"2025-09-09T18:05:49+00:00\",\"dateModified\":\"2025-09-09T18:10:50+00:00\",\"breadcrumb\":{\"@id\":\"https:\\\/\\\/gitstratech.eschkol.com\\\/xavier-birou\\\/#breadcrumb\"},\"inLanguage\":\"fr-FR\",\"potentialAction\":[{\"@type\":\"ReadAction\",\"target\":[\"https:\\\/\\\/gitstratech.eschkol.com\\\/xavier-birou\\\/\"]}]},{\"@type\":\"ImageObject\",\"inLanguage\":\"fr-FR\",\"@id\":\"https:\\\/\\\/gitstratech.eschkol.com\\\/xavier-birou\\\/#primaryimage\",\"url\":\"https:\\\/\\\/gitstratech.eschkol.com\\\/wp-content\\\/uploads\\\/2025\\\/09\\\/enhanced-imageC.png\",\"contentUrl\":\"https:\\\/\\\/gitstratech.eschkol.com\\\/wp-content\\\/uploads\\\/2025\\\/09\\\/enhanced-imageC.png\",\"width\":1241,\"height\":1600},{\"@type\":\"BreadcrumbList\",\"@id\":\"https:\\\/\\\/gitstratech.eschkol.com\\\/xavier-birou\\\/#breadcrumb\",\"itemListElement\":[{\"@type\":\"ListItem\",\"position\":1,\"name\":\"Home\",\"item\":\"https:\\\/\\\/gitstratech.eschkol.com\\\/\"},{\"@type\":\"ListItem\",\"position\":2,\"name\":\"Xavier Birou\"}]},{\"@type\":\"WebSite\",\"@id\":\"https:\\\/\\\/gitstratech.eschkol.com\\\/#website\",\"url\":\"https:\\\/\\\/gitstratech.eschkol.com\\\/\",\"name\":\"GITStratech\",\"description\":\"GITStratech is a firm of the GIT Inc. Group\",\"publisher\":{\"@id\":\"https:\\\/\\\/gitstratech.eschkol.com\\\/#organization\"},\"potentialAction\":[{\"@type\":\"SearchAction\",\"target\":{\"@type\":\"EntryPoint\",\"urlTemplate\":\"https:\\\/\\\/gitstratech.eschkol.com\\\/?s={search_term_string}\"},\"query-input\":{\"@type\":\"PropertyValueSpecification\",\"valueRequired\":true,\"valueName\":\"search_term_string\"}}],\"inLanguage\":\"fr-FR\"},{\"@type\":\"Organization\",\"@id\":\"https:\\\/\\\/gitstratech.eschkol.com\\\/#organization\",\"name\":\"GITStratech\",\"url\":\"https:\\\/\\\/gitstratech.eschkol.com\\\/\",\"logo\":{\"@type\":\"ImageObject\",\"inLanguage\":\"fr-FR\",\"@id\":\"https:\\\/\\\/gitstratech.eschkol.com\\\/#\\\/schema\\\/logo\\\/image\\\/\",\"url\":\"https:\\\/\\\/gitstratech.eschkol.com\\\/wp-content\\\/uploads\\\/2025\\\/07\\\/cropped-LOGO.png\",\"contentUrl\":\"https:\\\/\\\/gitstratech.eschkol.com\\\/wp-content\\\/uploads\\\/2025\\\/07\\\/cropped-LOGO.png\",\"width\":446,\"height\":153,\"caption\":\"GITStratech\"},\"image\":{\"@id\":\"https:\\\/\\\/gitstratech.eschkol.com\\\/#\\\/schema\\\/logo\\\/image\\\/\"}}]}<\/script>\n<!-- \/ Yoast SEO plugin. -->","yoast_head_json":{"title":"Xavier Birou - GITStratech","robots":{"index":"index","follow":"follow","max-snippet":"max-snippet:-1","max-image-preview":"max-image-preview:large","max-video-preview":"max-video-preview:-1"},"canonical":"https:\/\/gitstratech.eschkol.com\/fr\/xavier-birou\/","og_locale":"fr_FR","og_type":"article","og_title":"Xavier Birou - GITStratech","og_description":"Xavier Birou Chief Executive Xavier Birou is a seasoned professional in construction, hospitality, and logistics, with over twenty-five years of international experience in site management, procurement optimization, and operational leadership in demanding environments . Holding a Higher National Diploma (BTS) in Construction Management from EBTP Vincennes, Xavier specialized in CAD, project management, and execution supervision. [&hellip;]","og_url":"https:\/\/gitstratech.eschkol.com\/fr\/xavier-birou\/","og_site_name":"GITStratech","article_modified_time":"2025-09-09T18:10:50+00:00","og_image":[{"width":1241,"height":1600,"url":"https:\/\/gitstratech.eschkol.com\/wp-content\/uploads\/2025\/09\/enhanced-imageC.png","type":"image\/png"}],"twitter_card":"summary_large_image","twitter_misc":{"Dur\u00e9e de lecture estim\u00e9e":"2 minutes"},"schema":{"@context":"https:\/\/schema.org","@graph":[{"@type":"WebPage","@id":"https:\/\/gitstratech.eschkol.com\/xavier-birou\/","url":"https:\/\/gitstratech.eschkol.com\/xavier-birou\/","name":"Xavier Birou - GITStratech","isPartOf":{"@id":"https:\/\/gitstratech.eschkol.com\/#website"},"primaryImageOfPage":{"@id":"https:\/\/gitstratech.eschkol.com\/xavier-birou\/#primaryimage"},"image":{"@id":"https:\/\/gitstratech.eschkol.com\/xavier-birou\/#primaryimage"},"thumbnailUrl":"https:\/\/gitstratech.eschkol.com\/wp-content\/uploads\/2025\/09\/enhanced-imageC.png","datePublished":"2025-09-09T18:05:49+00:00","dateModified":"2025-09-09T18:10:50+00:00","breadcrumb":{"@id":"https:\/\/gitstratech.eschkol.com\/xavier-birou\/#breadcrumb"},"inLanguage":"fr-FR","potentialAction":[{"@type":"ReadAction","target":["https:\/\/gitstratech.eschkol.com\/xavier-birou\/"]}]},{"@type":"ImageObject","inLanguage":"fr-FR","@id":"https:\/\/gitstratech.eschkol.com\/xavier-birou\/#primaryimage","url":"https:\/\/gitstratech.eschkol.com\/wp-content\/uploads\/2025\/09\/enhanced-imageC.png","contentUrl":"https:\/\/gitstratech.eschkol.com\/wp-content\/uploads\/2025\/09\/enhanced-imageC.png","width":1241,"height":1600},{"@type":"BreadcrumbList","@id":"https:\/\/gitstratech.eschkol.com\/xavier-birou\/#breadcrumb","itemListElement":[{"@type":"ListItem","position":1,"name":"Home","item":"https:\/\/gitstratech.eschkol.com\/"},{"@type":"ListItem","position":2,"name":"Xavier Birou"}]},{"@type":"WebSite","@id":"https:\/\/gitstratech.eschkol.com\/#website","url":"https:\/\/gitstratech.eschkol.com\/","name":"GITStratech","description":"GITStratech is a firm of the GIT Inc. Group","publisher":{"@id":"https:\/\/gitstratech.eschkol.com\/#organization"},"potentialAction":[{"@type":"SearchAction","target":{"@type":"EntryPoint","urlTemplate":"https:\/\/gitstratech.eschkol.com\/?s={search_term_string}"},"query-input":{"@type":"PropertyValueSpecification","valueRequired":true,"valueName":"search_term_string"}}],"inLanguage":"fr-FR"},{"@type":"Organization","@id":"https:\/\/gitstratech.eschkol.com\/#organization","name":"GITStratech","url":"https:\/\/gitstratech.eschkol.com\/","logo":{"@type":"ImageObject","inLanguage":"fr-FR","@id":"https:\/\/gitstratech.eschkol.com\/#\/schema\/logo\/image\/","url":"https:\/\/gitstratech.eschkol.com\/wp-content\/uploads\/2025\/07\/cropped-LOGO.png","contentUrl":"https:\/\/gitstratech.eschkol.com\/wp-content\/uploads\/2025\/07\/cropped-LOGO.png","width":446,"height":153,"caption":"GITStratech"},"image":{"@id":"https:\/\/gitstratech.eschkol.com\/#\/schema\/logo\/image\/"}}]}},"_links":{"self":[{"href":"https:\/\/gitstratech.eschkol.com\/fr\/wp-json\/wp\/v2\/pages\/6807","targetHints":{"allow":["GET"]}}],"collection":[{"href":"https:\/\/gitstratech.eschkol.com\/fr\/wp-json\/wp\/v2\/pages"}],"about":[{"href":"https:\/\/gitstratech.eschkol.com\/fr\/wp-json\/wp\/v2\/types\/page"}],"author":[{"embeddable":true,"href":"https:\/\/gitstratech.eschkol.com\/fr\/wp-json\/wp\/v2\/users\/1"}],"replies":[{"embeddable":true,"href":"https:\/\/gitstratech.eschkol.com\/fr\/wp-json\/wp\/v2\/comments?post=6807"}],"version-history":[{"count":7,"href":"https:\/\/gitstratech.eschkol.com\/fr\/wp-json\/wp\/v2\/pages\/6807\/revisions"}],"predecessor-version":[{"id":6814,"href":"https:\/\/gitstratech.eschkol.com\/fr\/wp-json\/wp\/v2\/pages\/6807\/revisions\/6814"}],"wp:featuredmedia":[{"embeddable":true,"href":"https:\/\/gitstratech.eschkol.com\/fr\/wp-json\/wp\/v2\/media\/6779"}],"wp:attachment":[{"href":"https:\/\/gitstratech.eschkol.com\/fr\/wp-json\/wp\/v2\/media?parent=6807"}],"curies":[{"name":"wp","href":"https:\/\/api.w.org\/{rel}","templated":true}]}}