{"id":6815,"date":"2025-09-09T20:10:53","date_gmt":"2025-09-09T18:10:53","guid":{"rendered":"https:\/\/gitstratech.eschkol.com\/?page_id=6815"},"modified":"2025-09-09T20:13:13","modified_gmt":"2025-09-09T18:13:13","slug":"felix-sehi","status":"publish","type":"page","link":"https:\/\/gitstratech.eschkol.com\/fr\/felix-sehi\/","title":{"rendered":"Felix Sehi"},"content":{"rendered":"<div data-elementor-type=\"wp-page\" data-elementor-id=\"6815\" class=\"elementor elementor-6815\">\n\t\t\t\t<div class=\"elementor-element elementor-element-5f04d07 e-flex e-con-boxed e-con e-parent\" data-id=\"5f04d07\" data-element_type=\"container\" data-e-type=\"container\">\n\t\t\t\t\t<div class=\"e-con-inner\">\n\t\t<div class=\"elementor-element elementor-element-1c04257 e-con-full e-flex e-con e-child\" data-id=\"1c04257\" data-element_type=\"container\" data-e-type=\"container\">\n\t\t<div class=\"elementor-element elementor-element-9d4b71d e-con-full e-flex e-con e-child\" data-id=\"9d4b71d\" data-element_type=\"container\" data-e-type=\"container\" data-settings=\"{&quot;tj_enable_pin_area&quot;:&quot;yes&quot;,&quot;tj_pin_area_start&quot;:&quot;custom&quot;,&quot;tj_pin_area_start_custom&quot;:&quot;top 100&quot;,&quot;tj_pin_area_end&quot;:&quot;custom&quot;,&quot;tj_pin_area_end_custom&quot;:&quot;bottom 100&quot;,&quot;tj_pin_breakpoint&quot;:&quot;tablet&quot;,&quot;tj_pin_status&quot;:&quot;true&quot;,&quot;tj_pin_spacing&quot;:&quot;false&quot;,&quot;tj_pin_type&quot;:&quot;transform&quot;,&quot;tj_pin_scrub&quot;:&quot;false&quot;,&quot;tj_pin_markers&quot;:&quot;false&quot;}\">\n\t\t\t\t<div class=\"elementor-element elementor-element-e974616 elementor-widget elementor-widget-tj-image\" data-id=\"e974616\" data-element_type=\"widget\" data-e-type=\"widget\" data-widget_type=\"tj-image.default\">\n\t\t\t\t<div class=\"elementor-widget-container\">\n\t\t\t\t\t\n      <div data-wow-delay=\"0.2s\" class=\"tj-image-area  wow fadeInUp\">\n        <div class=\"tj-image\">\n                      <img  alt=\"\" class=\"lws-optimize-lazyload\" data-src=\"https:\/\/gitstratech.eschkol.com\/wp-content\/uploads\/2025\/09\/enhanced-image.png\">\n                  <\/div>\n      <\/div>\n\n\t\t\t\t<\/div>\n\t\t\t\t<\/div>\n\t\t\t\t<\/div>\n\t\t\t\t<\/div>\n\t\t<div class=\"elementor-element elementor-element-d06a122 e-con-full e-flex e-con e-child\" data-id=\"d06a122\" data-element_type=\"container\" data-e-type=\"container\">\n\t\t\t\t<div class=\"elementor-element elementor-element-26f14c4 elementor-widget elementor-widget-tj-heading\" data-id=\"26f14c4\" data-element_type=\"widget\" data-e-type=\"widget\" data-widget_type=\"tj-heading.default\">\n\t\t\t\t<div class=\"elementor-widget-container\">\n\t\t\t\t\t<div class=\"tj_heading tj-title title-anim\"><h2 class=\"title\">Gnonsiekan Felix Sehi<\/h2><\/div>\t\t\t\t<\/div>\n\t\t\t\t<\/div>\n\t\t\t\t<div class=\"elementor-element elementor-element-4937677 elementor-widget elementor-widget-tj-editor\" data-id=\"4937677\" data-element_type=\"widget\" data-e-type=\"widget\" data-widget_type=\"tj-editor.default\">\n\t\t\t\t<div class=\"elementor-widget-container\">\n\t\t\t\t\t      <div data-wow-delay=\"0.3s\" class=\"editor_text wow fadeInUp\"><p>Chief Executive<\/p><\/div>\n\t\t\t\t<\/div>\n\t\t\t\t<\/div>\n\t\t\t\t<div class=\"elementor-element elementor-element-128b8ef elementor-widget elementor-widget-tj-editor\" data-id=\"128b8ef\" data-element_type=\"widget\" data-e-type=\"widget\" data-widget_type=\"tj-editor.default\">\n\t\t\t\t<div class=\"elementor-widget-container\">\n\t\t\t\t\t      <div data-wow-delay=\"0.3s\" class=\"editor_text wow fadeInUp\"><p>Gnonsiekan Felix Sehi, un expert \u00e9conomique et en management strat\u00e9gique avec une carri\u00e8re distingu\u00e9e \u00e0 l'intersection du secteur public, des organisations internationales et du conseil en strat\u00e9gie. Ma double comp\u00e9tence en sciences \u00e9conomiques fondamentales et en management op\u00e9rationnel me permet de concevoir et de mettre en \u0153uvre des solutions \u00e0 la fois robustes sur le plan analytique et parfaitement ex\u00e9cutables.<\/p><p><strong>Expertise \u00c9conomique Sectorielle<\/strong><br \/>\u00c9conomie Agricole : J'analyse des march\u00e9s, politiques de d\u00e9veloppement rural, s\u00e9curit\u00e9 alimentaire et mod\u00e8les de r\u00e9silience \u00e9conomique pour les acteurs de la fili\u00e8re agroalimentaire,\nL'\u00e8conomie circulaire.<br \/>\u00b7 \u00c9conomie de la Sant\u00e9 : \u00c9valuation des politiques de sant\u00e9, analyse co\u00fbt-b\u00e9n\u00e9fice, optimisation des syst\u00e8mes de sant\u00e9 et mod\u00e9lisation financi\u00e8re pour les institutions publiques et priv\u00e9es.<br \/>Leadership &amp; International<\/p><p><strong>Experience:<\/strong><\/p><p>Certified in management expertise by the Sorbonne, he has led Supply Chain Management missions for the United Nations and development organizations, ensuring the efficiency of critical programs in Africa, Europe, and North America. He also pursued an Executive MBA at the Sorbonne and completed a certified immersion in Silicon Valley, gaining deep insights into disruptive models, innovation culture, and agile methods.<\/p><p><strong>Value Added:<\/strong><br \/>Leadership &amp; Management International : Mon exp\u00e9rience en management des entreprises et des organisations, valid\u00e9e par un certificat d'expertise de la Sorbonne, a \u00e9t\u00e9 mise en pratique dans des contextes complexes. J'ai notamment dirig\u00e9 des missions de Supply Chain Management pour le compte des Nations Unies et d'organisations internationales de d\u00e9veloppement, assurant l'efficacit\u00e9 op\u00e9rationnelle de programmes critiques en Afrique, en Europe et en Am\u00e9rique du Nord.<br \/>Key Achievements:<br \/>Vision Innovante et Formation de Haut Niveau : Conscient que les d\u00e9fis modernes requi\u00e8rent une pens\u00e9e innovante, j'ai entrepris un Executive MBA \u00e0 la Sorbonne, pour consolider mes comp\u00e9tences en leadership. J'ai compl\u00e9t\u00e9 cette formation par une immersion certifiante dans l'\u00e9cosyst\u00e8me de la Silicon Valley \u00e0 San Francisco. Cette exp\u00e9rience unique m'a apport\u00e9 une compr\u00e9hension profonde des mod\u00e8les \u00e9conomiques disruptifs, de la culture de l'innovation et des m\u00e9thodologies agiles, qu'il transpose avec succ\u00e8s pour conseiller ses clients sur la transformation strat\u00e9gique et l'optimisation de leur performance.<br \/>Valeur Ajout\u00e9e pour le Cabinet : \n\nJ'apporte une valeur inestimable en conseillant les gouvernements,les institutions internationales et les entreprises priv\u00e9es sur des enjeux \u00e0 haute complexit\u00e9 \u00e9conomique et logistique. Ma capacit\u00e9 \u00e0 relier la macro\u00e9conomie, la strat\u00e9gie d'entreprise, l'innovation technologique et la logistique internationale fait de moi un conseiller de premier ordre pour des missions exigeantes en Europe, en Afrique, en Amerique.\n\n\u00b7 R\u00e9alisations: \n\nChef de l'Unite de gestion et d' Administration des fournisseurs de contrats-  cadres dans le monde entier d'une valeur d'au moins 150 millions de dollars US. \nJ'ai mis en place des procedures operationnelles visant  \u00e0 reduire les procedures administratives et \u00e0 accelerer la verification et les paiements de fournisseurs en cas d'urgence mondiale J'ai aid\u00e9 \u00e0 l'optimisation de plusieurs actions strat\u00e9giques avec les divisions du si\u00e8ge et les operations pays dans le monde.\n\nJ'ai dirig\u00e9 plusieurs \u00e9quipes  dans 15 pays de l'Afrique de l'Ouest, Soit environ15 personnes pour optimiser la supply chain d'un programme regionale avec un budget de plus de 20 millions de dollars US r\u00e9duisant les co\u00fbts logistiques de 20% sur la zone Afrique de l'Ouest\" de 4 millions de dollars US.<\/p><\/div>\n\t\t\t\t<\/div>\n\t\t\t\t<\/div>\n\t\t\t\t<\/div>\n\t\t\t\t\t<\/div>\n\t\t\t\t<\/div>\n\t\t\t\t<\/div>","protected":false},"excerpt":{"rendered":"<p>Gnonsiekan Felix Sehi Chief Executive Gnonsiekan Felix Sehi is an economic and strategic management expert with extensive experience across the public sector, international organizations, and strategy consulting. Combining strong foundations in economics with operational management expertise, he delivers solutions that are both analytically rigorous and practically executable. Expertise:\u2022\u2060 \u2060Agricultural Economics: Market analysis, rural development, food [&hellip;]<\/p>","protected":false},"author":1,"featured_media":6779,"parent":0,"menu_order":0,"comment_status":"closed","ping_status":"closed","template":"elementor_header_footer","meta":{"_acf_changed":false,"footnotes":""},"class_list":["post-6815","page","type-page","status-publish","has-post-thumbnail","hentry"],"acf":[],"yoast_head":"<!-- This site is optimized with the Yoast SEO plugin v27.4 - https:\/\/yoast.com\/product\/yoast-seo-wordpress\/ -->\n<title>Felix Sehi - GITStratech<\/title>\n<meta name=\"robots\" content=\"index, follow, max-snippet:-1, max-image-preview:large, max-video-preview:-1\" \/>\n<link rel=\"canonical\" href=\"https:\/\/gitstratech.eschkol.com\/fr\/felix-sehi\/\" \/>\n<meta property=\"og:locale\" content=\"fr_FR\" \/>\n<meta property=\"og:type\" content=\"article\" \/>\n<meta property=\"og:title\" content=\"Felix Sehi - GITStratech\" \/>\n<meta property=\"og:description\" content=\"Gnonsiekan Felix Sehi Chief Executive Gnonsiekan Felix Sehi is an economic and strategic management expert with extensive experience across the public sector, international organizations, and strategy consulting. Combining strong foundations in economics with operational management expertise, he delivers solutions that are both analytically rigorous and practically executable. Expertise:\u2022\u2060 \u2060Agricultural Economics: Market analysis, rural development, food [&hellip;]\" \/>\n<meta property=\"og:url\" content=\"https:\/\/gitstratech.eschkol.com\/fr\/felix-sehi\/\" \/>\n<meta property=\"og:site_name\" content=\"GITStratech\" \/>\n<meta property=\"article:modified_time\" content=\"2025-09-09T18:13:13+00:00\" \/>\n<meta property=\"og:image\" content=\"https:\/\/gitstratech.eschkol.com\/wp-content\/uploads\/2025\/09\/enhanced-imageC.png\" \/>\n\t<meta property=\"og:image:width\" content=\"1241\" \/>\n\t<meta property=\"og:image:height\" content=\"1600\" \/>\n\t<meta property=\"og:image:type\" content=\"image\/png\" \/>\n<meta name=\"twitter:card\" content=\"summary_large_image\" \/>\n<meta name=\"twitter:label1\" content=\"Dur\u00e9e de lecture estim\u00e9e\" \/>\n\t<meta name=\"twitter:data1\" content=\"2 minutes\" \/>\n<script type=\"application\/ld+json\" class=\"yoast-schema-graph\">{\"@context\":\"https:\\\/\\\/schema.org\",\"@graph\":[{\"@type\":\"WebPage\",\"@id\":\"https:\\\/\\\/gitstratech.eschkol.com\\\/felix-sehi\\\/\",\"url\":\"https:\\\/\\\/gitstratech.eschkol.com\\\/felix-sehi\\\/\",\"name\":\"Felix Sehi - GITStratech\",\"isPartOf\":{\"@id\":\"https:\\\/\\\/gitstratech.eschkol.com\\\/#website\"},\"primaryImageOfPage\":{\"@id\":\"https:\\\/\\\/gitstratech.eschkol.com\\\/felix-sehi\\\/#primaryimage\"},\"image\":{\"@id\":\"https:\\\/\\\/gitstratech.eschkol.com\\\/felix-sehi\\\/#primaryimage\"},\"thumbnailUrl\":\"https:\\\/\\\/gitstratech.eschkol.com\\\/wp-content\\\/uploads\\\/2025\\\/09\\\/enhanced-imageC.png\",\"datePublished\":\"2025-09-09T18:10:53+00:00\",\"dateModified\":\"2025-09-09T18:13:13+00:00\",\"breadcrumb\":{\"@id\":\"https:\\\/\\\/gitstratech.eschkol.com\\\/felix-sehi\\\/#breadcrumb\"},\"inLanguage\":\"fr-FR\",\"potentialAction\":[{\"@type\":\"ReadAction\",\"target\":[\"https:\\\/\\\/gitstratech.eschkol.com\\\/felix-sehi\\\/\"]}]},{\"@type\":\"ImageObject\",\"inLanguage\":\"fr-FR\",\"@id\":\"https:\\\/\\\/gitstratech.eschkol.com\\\/felix-sehi\\\/#primaryimage\",\"url\":\"https:\\\/\\\/gitstratech.eschkol.com\\\/wp-content\\\/uploads\\\/2025\\\/09\\\/enhanced-imageC.png\",\"contentUrl\":\"https:\\\/\\\/gitstratech.eschkol.com\\\/wp-content\\\/uploads\\\/2025\\\/09\\\/enhanced-imageC.png\",\"width\":1241,\"height\":1600},{\"@type\":\"BreadcrumbList\",\"@id\":\"https:\\\/\\\/gitstratech.eschkol.com\\\/felix-sehi\\\/#breadcrumb\",\"itemListElement\":[{\"@type\":\"ListItem\",\"position\":1,\"name\":\"Home\",\"item\":\"https:\\\/\\\/gitstratech.eschkol.com\\\/\"},{\"@type\":\"ListItem\",\"position\":2,\"name\":\"Felix Sehi\"}]},{\"@type\":\"WebSite\",\"@id\":\"https:\\\/\\\/gitstratech.eschkol.com\\\/#website\",\"url\":\"https:\\\/\\\/gitstratech.eschkol.com\\\/\",\"name\":\"GITStratech\",\"description\":\"GITStratech is a firm of the GIT Inc. Group\",\"publisher\":{\"@id\":\"https:\\\/\\\/gitstratech.eschkol.com\\\/#organization\"},\"potentialAction\":[{\"@type\":\"SearchAction\",\"target\":{\"@type\":\"EntryPoint\",\"urlTemplate\":\"https:\\\/\\\/gitstratech.eschkol.com\\\/?s={search_term_string}\"},\"query-input\":{\"@type\":\"PropertyValueSpecification\",\"valueRequired\":true,\"valueName\":\"search_term_string\"}}],\"inLanguage\":\"fr-FR\"},{\"@type\":\"Organization\",\"@id\":\"https:\\\/\\\/gitstratech.eschkol.com\\\/#organization\",\"name\":\"GITStratech\",\"url\":\"https:\\\/\\\/gitstratech.eschkol.com\\\/\",\"logo\":{\"@type\":\"ImageObject\",\"inLanguage\":\"fr-FR\",\"@id\":\"https:\\\/\\\/gitstratech.eschkol.com\\\/#\\\/schema\\\/logo\\\/image\\\/\",\"url\":\"https:\\\/\\\/gitstratech.eschkol.com\\\/wp-content\\\/uploads\\\/2025\\\/07\\\/cropped-LOGO.png\",\"contentUrl\":\"https:\\\/\\\/gitstratech.eschkol.com\\\/wp-content\\\/uploads\\\/2025\\\/07\\\/cropped-LOGO.png\",\"width\":446,\"height\":153,\"caption\":\"GITStratech\"},\"image\":{\"@id\":\"https:\\\/\\\/gitstratech.eschkol.com\\\/#\\\/schema\\\/logo\\\/image\\\/\"}}]}<\/script>\n<!-- \/ Yoast SEO plugin. -->","yoast_head_json":{"title":"Felix Sehi - GITStratech","robots":{"index":"index","follow":"follow","max-snippet":"max-snippet:-1","max-image-preview":"max-image-preview:large","max-video-preview":"max-video-preview:-1"},"canonical":"https:\/\/gitstratech.eschkol.com\/fr\/felix-sehi\/","og_locale":"fr_FR","og_type":"article","og_title":"Felix Sehi - GITStratech","og_description":"Gnonsiekan Felix Sehi Chief Executive Gnonsiekan Felix Sehi is an economic and strategic management expert with extensive experience across the public sector, international organizations, and strategy consulting. Combining strong foundations in economics with operational management expertise, he delivers solutions that are both analytically rigorous and practically executable. Expertise:\u2022\u2060 \u2060Agricultural Economics: Market analysis, rural development, food [&hellip;]","og_url":"https:\/\/gitstratech.eschkol.com\/fr\/felix-sehi\/","og_site_name":"GITStratech","article_modified_time":"2025-09-09T18:13:13+00:00","og_image":[{"width":1241,"height":1600,"url":"https:\/\/gitstratech.eschkol.com\/wp-content\/uploads\/2025\/09\/enhanced-imageC.png","type":"image\/png"}],"twitter_card":"summary_large_image","twitter_misc":{"Dur\u00e9e de lecture estim\u00e9e":"2 minutes"},"schema":{"@context":"https:\/\/schema.org","@graph":[{"@type":"WebPage","@id":"https:\/\/gitstratech.eschkol.com\/felix-sehi\/","url":"https:\/\/gitstratech.eschkol.com\/felix-sehi\/","name":"Felix Sehi - GITStratech","isPartOf":{"@id":"https:\/\/gitstratech.eschkol.com\/#website"},"primaryImageOfPage":{"@id":"https:\/\/gitstratech.eschkol.com\/felix-sehi\/#primaryimage"},"image":{"@id":"https:\/\/gitstratech.eschkol.com\/felix-sehi\/#primaryimage"},"thumbnailUrl":"https:\/\/gitstratech.eschkol.com\/wp-content\/uploads\/2025\/09\/enhanced-imageC.png","datePublished":"2025-09-09T18:10:53+00:00","dateModified":"2025-09-09T18:13:13+00:00","breadcrumb":{"@id":"https:\/\/gitstratech.eschkol.com\/felix-sehi\/#breadcrumb"},"inLanguage":"fr-FR","potentialAction":[{"@type":"ReadAction","target":["https:\/\/gitstratech.eschkol.com\/felix-sehi\/"]}]},{"@type":"ImageObject","inLanguage":"fr-FR","@id":"https:\/\/gitstratech.eschkol.com\/felix-sehi\/#primaryimage","url":"https:\/\/gitstratech.eschkol.com\/wp-content\/uploads\/2025\/09\/enhanced-imageC.png","contentUrl":"https:\/\/gitstratech.eschkol.com\/wp-content\/uploads\/2025\/09\/enhanced-imageC.png","width":1241,"height":1600},{"@type":"BreadcrumbList","@id":"https:\/\/gitstratech.eschkol.com\/felix-sehi\/#breadcrumb","itemListElement":[{"@type":"ListItem","position":1,"name":"Home","item":"https:\/\/gitstratech.eschkol.com\/"},{"@type":"ListItem","position":2,"name":"Felix Sehi"}]},{"@type":"WebSite","@id":"https:\/\/gitstratech.eschkol.com\/#website","url":"https:\/\/gitstratech.eschkol.com\/","name":"GITStratech","description":"GITStratech is a firm of the GIT Inc. Group","publisher":{"@id":"https:\/\/gitstratech.eschkol.com\/#organization"},"potentialAction":[{"@type":"SearchAction","target":{"@type":"EntryPoint","urlTemplate":"https:\/\/gitstratech.eschkol.com\/?s={search_term_string}"},"query-input":{"@type":"PropertyValueSpecification","valueRequired":true,"valueName":"search_term_string"}}],"inLanguage":"fr-FR"},{"@type":"Organization","@id":"https:\/\/gitstratech.eschkol.com\/#organization","name":"GITStratech","url":"https:\/\/gitstratech.eschkol.com\/","logo":{"@type":"ImageObject","inLanguage":"fr-FR","@id":"https:\/\/gitstratech.eschkol.com\/#\/schema\/logo\/image\/","url":"https:\/\/gitstratech.eschkol.com\/wp-content\/uploads\/2025\/07\/cropped-LOGO.png","contentUrl":"https:\/\/gitstratech.eschkol.com\/wp-content\/uploads\/2025\/07\/cropped-LOGO.png","width":446,"height":153,"caption":"GITStratech"},"image":{"@id":"https:\/\/gitstratech.eschkol.com\/#\/schema\/logo\/image\/"}}]}},"_links":{"self":[{"href":"https:\/\/gitstratech.eschkol.com\/fr\/wp-json\/wp\/v2\/pages\/6815","targetHints":{"allow":["GET"]}}],"collection":[{"href":"https:\/\/gitstratech.eschkol.com\/fr\/wp-json\/wp\/v2\/pages"}],"about":[{"href":"https:\/\/gitstratech.eschkol.com\/fr\/wp-json\/wp\/v2\/types\/page"}],"author":[{"embeddable":true,"href":"https:\/\/gitstratech.eschkol.com\/fr\/wp-json\/wp\/v2\/users\/1"}],"replies":[{"embeddable":true,"href":"https:\/\/gitstratech.eschkol.com\/fr\/wp-json\/wp\/v2\/comments?post=6815"}],"version-history":[{"count":12,"href":"https:\/\/gitstratech.eschkol.com\/fr\/wp-json\/wp\/v2\/pages\/6815\/revisions"}],"predecessor-version":[{"id":6827,"href":"https:\/\/gitstratech.eschkol.com\/fr\/wp-json\/wp\/v2\/pages\/6815\/revisions\/6827"}],"wp:featuredmedia":[{"embeddable":true,"href":"https:\/\/gitstratech.eschkol.com\/fr\/wp-json\/wp\/v2\/media\/6779"}],"wp:attachment":[{"href":"https:\/\/gitstratech.eschkol.com\/fr\/wp-json\/wp\/v2\/media?parent=6815"}],"curies":[{"name":"wp","href":"https:\/\/api.w.org\/{rel}","templated":true}]}}